{"id":3013,"date":"2025-12-08T15:46:22","date_gmt":"2025-12-08T15:46:22","guid":{"rendered":"https:\/\/youngmillionairesprogram.ca\/14-2\/?page_id=3013"},"modified":"2025-12-08T15:46:25","modified_gmt":"2025-12-08T15:46:25","slug":"ymp-registrations-fr","status":"publish","type":"page","link":"https:\/\/youngmillionairesprogram.ca\/14-2\/fr\/ymp-registrations-fr\/","title":{"rendered":"YMP Registrations FR"},"content":{"rendered":"<p>[et_pb_section fb_built=&#8221;1&#8243; _builder_version=&#8221;4.16&#8243; background_image=&#8221;https:\/\/youngmillionairesprogram.ca\/wp-content\/uploads\/2020\/05\/bg.png&#8221; custom_padding=&#8221;0px||0px|||&#8221; global_colors_info=&#8221;{}&#8221;][et_pb_row _builder_version=&#8221;4.16&#8243; background_color=&#8221;#ffffff&#8221; custom_margin=&#8221;-8px|auto||auto||&#8221; custom_padding=&#8221;43px||70px||false|false&#8221; box_shadow_style=&#8221;preset2&#8243; box_shadow_color=&#8221;rgba(0,0,0,0.53)&#8221; global_colors_info=&#8221;{}&#8221;][et_pb_column type=&#8221;4_4&#8243; _builder_version=&#8221;4.16&#8243; global_colors_info=&#8221;{}&#8221;][et_pb_text admin_label=&#8221;Introduction Paragraph&#8221; _builder_version=&#8221;4.21.0&#8243; width=&#8221;92%&#8221; module_alignment=&#8221;center&#8221; custom_margin=&#8221;||10px|||&#8221; custom_padding=&#8221;||21px|||&#8221; global_colors_info=&#8221;{}&#8221;]<\/p>\n<p>Essayez de s\u00e9lectionner la bonne r\u00e9gion pour o\u00f9 vous vivez.<\/p>\n<p>En cas de doute, envoyez un courriel au coordonnateur provincial du programme \u00e0 <a href=\"mailto:ymp@centralpei.ca\">ymp@centralpei.ca<\/a> pour le savoir. Notre personnel examine chaque candidature pour s\u2019assurer qu\u2019elle arrive l\u00e0 o\u00f9 elle doit aller.<br \/>Une fois que vous aurez rempli votre demande d\u2019inscription et l\u2019aurez soumise, votre coordonnateur r\u00e9gional recevra votre demande et l\u2019examinera. Si votre candidature est approuv\u00e9e, vous recevrez un e-mail de bienvenue de votre coordinateur\/facilitateur r\u00e9gional avec des informations d\u00e9taill\u00e9es sur vos prochaines \u00e9tapes.<\/p>\n<p>N\u2019oubliez pas que l\u2019approbation de votre demande ne signifie pas automatiquement que vous recevrez la subvention pour d\u00e9marrer votre entreprise. Vous devrez compl\u00e9ter tous les documents de l\u2019atelier, un plan d\u2019affaires et un entretien.<\/p>\n<p>Veuillez vous attendre \u00e0 trouver votre e-mail d\u2019introduction et d\u2019information en MAI de chaque ann\u00e9e.<\/p>\n<p>[\/et_pb_text][et_pb_code admin_label=&#8221;Registration Form&#8221; _builder_version=&#8221;4.21.0&#8243; _module_preset=&#8221;default&#8221; text_orientation=&#8221;center&#8221; global_colors_info=&#8221;{}&#8221;]<iframe loading=\"lazy\" src=\"https:\/\/docs.google.com\/forms\/d\/e\/1FAIpQLScNDUgvsA-y0T7YLJKi943E7Uce6WWwnnv02Z5acc8pycnQBg\/viewform?embedded=true\" width=\"640\" height=\"1827\" frameborder=\"0\" marginheight=\"0\" marginwidth=\"0\" onload=\"window.parent.scrollTo(0,0)\">Loading\u2026<\/iframe>[\/et_pb_code][\/et_pb_column][\/et_pb_row][\/et_pb_section]<\/p>\n","protected":false},"excerpt":{"rendered":"<p>Essayez de s\u00e9lectionner la bonne r\u00e9gion pour o\u00f9 vous vivez. En cas de doute, envoyez un courriel au coordonnateur provincial du programme \u00e0 ymp@centralpei.ca pour le savoir. Notre personnel examine chaque candidature pour s\u2019assurer qu\u2019elle arrive l\u00e0 o\u00f9 elle doit aller.Une fois que vous aurez rempli votre demande d\u2019inscription et l\u2019aurez soumise, votre coordonnateur r\u00e9gional [&hellip;]<\/p>\n","protected":false},"author":4,"featured_media":0,"parent":0,"menu_order":0,"comment_status":"closed","ping_status":"closed","template":"","meta":{"_et_pb_use_builder":"on","_et_pb_old_content":"","_et_gb_content_width":"","footnotes":""},"class_list":["post-3013","page","type-page","status-publish","hentry"],"_links":{"self":[{"href":"https:\/\/youngmillionairesprogram.ca\/14-2\/wp-json\/wp\/v2\/pages\/3013","targetHints":{"allow":["GET"]}}],"collection":[{"href":"https:\/\/youngmillionairesprogram.ca\/14-2\/wp-json\/wp\/v2\/pages"}],"about":[{"href":"https:\/\/youngmillionairesprogram.ca\/14-2\/wp-json\/wp\/v2\/types\/page"}],"author":[{"embeddable":true,"href":"https:\/\/youngmillionairesprogram.ca\/14-2\/wp-json\/wp\/v2\/users\/4"}],"replies":[{"embeddable":true,"href":"https:\/\/youngmillionairesprogram.ca\/14-2\/wp-json\/wp\/v2\/comments?post=3013"}],"version-history":[{"count":4,"href":"https:\/\/youngmillionairesprogram.ca\/14-2\/wp-json\/wp\/v2\/pages\/3013\/revisions"}],"predecessor-version":[{"id":3018,"href":"https:\/\/youngmillionairesprogram.ca\/14-2\/wp-json\/wp\/v2\/pages\/3013\/revisions\/3018"}],"wp:attachment":[{"href":"https:\/\/youngmillionairesprogram.ca\/14-2\/wp-json\/wp\/v2\/media?parent=3013"}],"curies":[{"name":"wp","href":"https:\/\/api.w.org\/{rel}","templated":true}]}}