{"id":372,"date":"2020-05-28T14:56:45","date_gmt":"2020-05-28T14:56:45","guid":{"rendered":"http:\/\/youngmillionairesprogram.ca\/?page_id=372"},"modified":"2025-12-08T17:06:44","modified_gmt":"2025-12-08T17:06:44","slug":"faqs-fr","status":"publish","type":"page","link":"https:\/\/youngmillionairesprogram.ca\/14-2\/fr\/faqs-fr\/","title":{"rendered":"FAQs &#8211; fr"},"content":{"rendered":"<p>[et_pb_section fb_built=&#8221;1&#8243; _builder_version=&#8221;4.16&#8243; background_image=&#8221;http:\/\/youngmillionairesprogram.ca\/wp-content\/uploads\/2020\/05\/bg.png&#8221; custom_padding=&#8221;0px||0px|||&#8221; global_colors_info=&#8221;{}&#8221;][et_pb_row _builder_version=&#8221;4.16&#8243; width=&#8221;100%&#8221; max_width=&#8221;100%&#8221; custom_padding=&#8221;0px||8px|||&#8221; global_colors_info=&#8221;{}&#8221;][et_pb_column type=&#8221;4_4&#8243; _builder_version=&#8221;4.16&#8243; global_colors_info=&#8221;{}&#8221;][et_pb_divider color=&#8221;#e75c25&#8243; divider_weight=&#8221;28px&#8221; _builder_version=&#8221;4.16&#8243; custom_margin=&#8221;0px||0px||true|false&#8221; custom_padding=&#8221;0px||0px||true|false&#8221; global_colors_info=&#8221;{}&#8221;][\/et_pb_divider][\/et_pb_column][\/et_pb_row][et_pb_row _builder_version=&#8221;4.16&#8243; background_color=&#8221;#ffffff&#8221; custom_margin=&#8221;-8px|auto||auto||&#8221; custom_padding=&#8221;37px||121px||false|false&#8221; box_shadow_style=&#8221;preset2&#8243; box_shadow_color=&#8221;rgba(0,0,0,0.53)&#8221; global_colors_info=&#8221;{}&#8221;][et_pb_column type=&#8221;4_4&#8243; _builder_version=&#8221;4.16&#8243; global_colors_info=&#8221;{}&#8221;][et_pb_toggle title=&#8221;Q : Comment puis-je m&#8217;inscrire?&#8221; open_toggle_text_color=&#8221;#1761ad&#8221; open_toggle_background_color=&#8221;rgba(0,0,0,0)&#8221; closed_toggle_background_color=&#8221;rgba(0,0,0,0)&#8221; icon_color=&#8221;#1761ad&#8221; use_icon_font_size=&#8221;on&#8221; icon_font_size=&#8221;26px&#8221; open_icon_color=&#8221;#1761ad&#8221; open_use_icon_font_size=&#8221;on&#8221; open_icon_font_size=&#8221;26px&#8221; _builder_version=&#8221;4.21.0&#8243; title_text_color=&#8221;#1761ad&#8221; title_font=&#8221;Gotham medium|||on|||||&#8221; title_text_align=&#8221;center&#8221; title_font_size=&#8221;23px&#8221; body_font=&#8221;Gotham medium|100|||||||&#8221; body_text_color=&#8221;#1761ad&#8221; body_font_size=&#8221;15px&#8221; text_orientation=&#8221;center&#8221; width=&#8221;88%&#8221; module_alignment=&#8221;center&#8221; custom_margin=&#8221;2px||2px||true|false&#8221; custom_padding=&#8221;14px||14px||true|false&#8221; hover_enabled=&#8221;0&#8243; border_width_all=&#8221;0px&#8221; global_colors_info=&#8221;{}&#8221; sticky_enabled=&#8221;0&#8243;]<\/p>\n<p>Vous pouvez vous inscrire en ligne. Retourner au haut de cette page et cliquez sur \u00ab <a href=\"https:\/\/youngmillionairesprogram.ca\/14-2\/fr\/ymp-registrations-fr\/\">Inscription<\/a> \u00bb. Suivez les \u00e9tapes.<\/p>\n<p>[\/et_pb_toggle][et_pb_toggle title=&#8221;Q : Combien co\u00fbte l&#8217;inscription au programme Jeunes millionnaires?&#8221; open_toggle_text_color=&#8221;#1761ad&#8221; open_toggle_background_color=&#8221;rgba(0,0,0,0)&#8221; closed_toggle_background_color=&#8221;rgba(0,0,0,0)&#8221; icon_color=&#8221;#1761ad&#8221; use_icon_font_size=&#8221;on&#8221; icon_font_size=&#8221;26px&#8221; open_icon_color=&#8221;#1761ad&#8221; open_use_icon_font_size=&#8221;on&#8221; open_icon_font_size=&#8221;26px&#8221; _builder_version=&#8221;4.16&#8243; title_text_color=&#8221;#1761ad&#8221; title_font=&#8221;Gotham medium|||on|||||&#8221; title_text_align=&#8221;center&#8221; title_font_size=&#8221;23px&#8221; body_font=&#8221;Gotham medium|100|||||||&#8221; body_text_color=&#8221;#1761ad&#8221; body_font_size=&#8221;15px&#8221; text_orientation=&#8221;center&#8221; width=&#8221;88%&#8221; module_alignment=&#8221;center&#8221; custom_margin=&#8221;2px||2px||true|false&#8221; custom_padding=&#8221;14px||14px||true|false&#8221; border_width_all=&#8221;0px&#8221; global_colors_info=&#8221;{}&#8221;]L&#8217;inscription est gratuite. Tout ce que nous vous demandons, c&#8217;est du temps, de l&#8217;enthousiasme, de m\u00eame qu&#8217;une bonne dose d\u2019effort et de motivation.[\/et_pb_toggle][et_pb_toggle title=&#8221;Q: Combien de temps dois-je consacrer au programme?&#8221; open_toggle_text_color=&#8221;#1761ad&#8221; open_toggle_background_color=&#8221;rgba(0,0,0,0)&#8221; closed_toggle_background_color=&#8221;rgba(0,0,0,0)&#8221; icon_color=&#8221;#1761ad&#8221; use_icon_font_size=&#8221;on&#8221; icon_font_size=&#8221;26px&#8221; open_icon_color=&#8221;#1761ad&#8221; open_use_icon_font_size=&#8221;on&#8221; open_icon_font_size=&#8221;26px&#8221; _builder_version=&#8221;4.16&#8243; title_text_color=&#8221;#1761ad&#8221; title_font=&#8221;Gotham medium|||on|||||&#8221; title_text_align=&#8221;center&#8221; title_font_size=&#8221;23px&#8221; body_font=&#8221;Gotham medium|100|||||||&#8221; body_text_color=&#8221;#1761ad&#8221; body_font_size=&#8221;15px&#8221; text_orientation=&#8221;center&#8221; width=&#8221;88%&#8221; module_alignment=&#8221;center&#8221; custom_margin=&#8221;2px||2px||true|false&#8221; custom_padding=&#8221;14px||14px||true|false&#8221; border_width_all=&#8221;0px&#8221; global_colors_info=&#8221;{}&#8221;]Cela d\u00e9pend du niveau de succ\u00e8s que vous souhaitez donner \u00e0 votre entreprise. Il est obligatoire de remplir les documents de l&#8217;atelier, mais apr\u00e8s cela, il vous faudra consacrer autant de temps et d&#8217;efforts que vous le voulez \u00e0 votre entreprise. N&#8217;oubliez pas : plus vous y consacrerez de temps et d&#8217;efforts, plus votre entreprise aura du succ\u00e8s.[\/et_pb_toggle][et_pb_toggle title=&#8221;Q: Que faire si je n&#8217;ai pas de bonnes id\u00e9es d&#8217;entreprise pour l&#8217;instant?&#8221; open_toggle_text_color=&#8221;#1761ad&#8221; open_toggle_background_color=&#8221;rgba(0,0,0,0)&#8221; closed_toggle_background_color=&#8221;rgba(0,0,0,0)&#8221; icon_color=&#8221;#1761ad&#8221; use_icon_font_size=&#8221;on&#8221; icon_font_size=&#8221;26px&#8221; open_icon_color=&#8221;#1761ad&#8221; open_use_icon_font_size=&#8221;on&#8221; open_icon_font_size=&#8221;26px&#8221; _builder_version=&#8221;4.16&#8243; title_text_color=&#8221;#1761ad&#8221; title_font=&#8221;Gotham medium|||on|||||&#8221; title_text_align=&#8221;center&#8221; title_font_size=&#8221;23px&#8221; body_font=&#8221;Gotham medium|100|||||||&#8221; body_text_color=&#8221;#1761ad&#8221; body_font_size=&#8221;15px&#8221; text_orientation=&#8221;center&#8221; width=&#8221;88%&#8221; module_alignment=&#8221;center&#8221; custom_margin=&#8221;2px||2px||true|false&#8221; custom_padding=&#8221;14px||14px||true|false&#8221; border_width_all=&#8221;0px&#8221; global_colors_info=&#8221;{}&#8221;]Il n&#8217;y a pas de probl\u00e8me si vous n&#8217;\u00eates pas s\u00fbr. Vous pouvez quand m\u00eame vous joindre au programme. Il y a du mat\u00e9riel et des activit\u00e9s d&#8217;atelier pour vous aider \u00e0 r\u00e9fl\u00e9chir \u00e0 autant d&#8217;id\u00e9es d&#8217;affaires que vous pouvez imaginer. Conseil : vos int\u00e9r\u00eats ou vos passe-temps peuvent \u00eatre un excellent point de d\u00e9part lorsque vous envisagez de cr\u00e9er une entreprise.[\/et_pb_toggle][et_pb_toggle title=&#8221;Q : Les entreprises en partenariat peuvent elles compter trois personnes?&#8221; open_toggle_text_color=&#8221;#1761ad&#8221; open_toggle_background_color=&#8221;rgba(0,0,0,0)&#8221; closed_toggle_background_color=&#8221;rgba(0,0,0,0)&#8221; icon_color=&#8221;#1761ad&#8221; use_icon_font_size=&#8221;on&#8221; icon_font_size=&#8221;26px&#8221; open_icon_color=&#8221;#1761ad&#8221; open_use_icon_font_size=&#8221;on&#8221; open_icon_font_size=&#8221;26px&#8221; _builder_version=&#8221;4.16&#8243; title_text_color=&#8221;#1761ad&#8221; title_font=&#8221;Gotham medium|||on|||||&#8221; title_text_align=&#8221;center&#8221; title_font_size=&#8221;23px&#8221; body_font=&#8221;Gotham medium|100|||||||&#8221; body_text_color=&#8221;#1761ad&#8221; body_font_size=&#8221;15px&#8221; text_orientation=&#8221;center&#8221; width=&#8221;88%&#8221; module_alignment=&#8221;center&#8221; custom_margin=&#8221;2px||2px||true|false&#8221; custom_padding=&#8221;14px||14px||true|false&#8221; border_width_all=&#8221;0px&#8221; global_colors_info=&#8221;{}&#8221;]Non. Nous limitons g\u00e9n\u00e9ralement \u00e0 deux le nombre de partenaires. Nous estimons que cela facilite les choses au moment de coordonner les horaires, de d\u00e9l\u00e9guer les responsabilit\u00e9s, de r\u00e9gler les conflits et de r\u00e9partir les profits ou les pertes. Cette ann\u00e9e, 2020, nous vous demandons de ne pas devenir partenaire avec un ami ou une amie. Si vous d\u00e9sirez lancer un partenariat, faites-le avec un membre de votre famille qui est \u00e2g\u00e9 de 9 \u00e0 16 et qui demeure chez-vous.[\/et_pb_toggle][et_pb_toggle title=&#8221;Q : Quelle est la dur\u00e9e du d\u00e9termin\u00e9e?&#8221; open_toggle_text_color=&#8221;#1761ad&#8221; open_toggle_background_color=&#8221;rgba(0,0,0,0)&#8221; closed_toggle_background_color=&#8221;rgba(0,0,0,0)&#8221; icon_color=&#8221;#1761ad&#8221; use_icon_font_size=&#8221;on&#8221; icon_font_size=&#8221;26px&#8221; open_icon_color=&#8221;#1761ad&#8221; open_use_icon_font_size=&#8221;on&#8221; open_icon_font_size=&#8221;26px&#8221; _builder_version=&#8221;4.16&#8243; title_text_color=&#8221;#1761ad&#8221; title_font=&#8221;Gotham medium|||on|||||&#8221; title_text_align=&#8221;center&#8221; title_font_size=&#8221;23px&#8221; body_font=&#8221;Gotham medium|100|||||||&#8221; body_text_color=&#8221;#1761ad&#8221; body_font_size=&#8221;15px&#8221; text_orientation=&#8221;center&#8221; width=&#8221;88%&#8221; module_alignment=&#8221;center&#8221; custom_margin=&#8221;2px||2px||true|false&#8221; custom_padding=&#8221;14px||14px||true|false&#8221; border_width_all=&#8221;0px&#8221; global_colors_info=&#8221;{}&#8221;]Le programme Jeunes millionnaires d\u00e9bute habituellement en mai lorsque nous informons tout le monde au sujet du programme. La p\u00e9riode d&#8217;inscription prend g\u00e9n\u00e9ralement fin au cours de la premi\u00e8re semaine de juin. Les ateliers ont lieu tout au long du mois de juin, et les entrevues, apr\u00e8s le dernier atelier. Les participants dont la candidature est retenue re\u00e7oivent leur subvention vers le d\u00e9but du mois de juillet. Tout au long des mois de juillet et ao\u00fbt, les participants m\u00e8nent leurs entreprises et les facilitateurs contactent r\u00e9guli\u00e8rement les participants.<\/p>\n<p><span style=\"color: #e75c25;\">NOTEZ BIEN : La soir\u00e9e de c\u00e9l\u00e9bration a ordinairement lieu \u00e0 la fin du mois d&#8217;ao\u00fbt ou au d\u00e9but de septembre, mais pour l\u2019instant, sa tenue est encore \u00e0 \u00eatre d\u00e9termin\u00e9<\/span>[\/et_pb_toggle][et_pb_toggle title=&#8221;Q : Est-ce que je re\u00e7ois automatiquement 150 $ en m&#8217;inscrivant au programme?&#8221; open_toggle_text_color=&#8221;#1761ad&#8221; open_toggle_background_color=&#8221;rgba(0,0,0,0)&#8221; closed_toggle_background_color=&#8221;rgba(0,0,0,0)&#8221; icon_color=&#8221;#1761ad&#8221; use_icon_font_size=&#8221;on&#8221; icon_font_size=&#8221;26px&#8221; open_icon_color=&#8221;#1761ad&#8221; open_use_icon_font_size=&#8221;on&#8221; open_icon_font_size=&#8221;26px&#8221; _builder_version=&#8221;4.16&#8243; title_text_color=&#8221;#1761ad&#8221; title_font=&#8221;Gotham medium|||on|||||&#8221; title_text_align=&#8221;center&#8221; title_font_size=&#8221;23px&#8221; body_font=&#8221;Gotham medium|100|||||||&#8221; body_text_color=&#8221;#1761ad&#8221; body_font_size=&#8221;15px&#8221; text_orientation=&#8221;center&#8221; width=&#8221;88%&#8221; module_alignment=&#8221;center&#8221; custom_margin=&#8221;2px||2px||true|false&#8221; custom_padding=&#8221;14px||14px||true|false&#8221; border_width_all=&#8221;0px&#8221; global_colors_info=&#8221;{}&#8221;]Non. Pour recevoir une subvention (pouvant atteindre 150 $ pour les entreprises individuelles et 200 $ pour les entreprises en partenariat), vous devez participer \u00e0 tous les ateliers et pr\u00e9senter un plan d&#8217;affaires (que nous vous aidons \u00e0 \u00e9laborer). Si vous avez pr\u00e9par\u00e9 votre plan d&#8217;affaires avec s\u00e9rieux et que vous avez \u00e0 c\u0153ur la r\u00e9ussite de votre entreprise, vous serez fort probablement accept\u00e9 dans le programme et il vous sera alors possible d&#8217;obtenir une subvention. Cependant, si un grand nombre de plans d&#8217;affaires sont propos\u00e9s, nous devrons peut \u00eatre refuser certaines[\/et_pb_toggle][et_pb_toggle title=&#8221;Q : \u00c0 quoi sert la subvention?&#8221; open_toggle_text_color=&#8221;#1761ad&#8221; open_toggle_background_color=&#8221;rgba(0,0,0,0)&#8221; closed_toggle_background_color=&#8221;rgba(0,0,0,0)&#8221; icon_color=&#8221;#1761ad&#8221; use_icon_font_size=&#8221;on&#8221; icon_font_size=&#8221;26px&#8221; open_icon_color=&#8221;#1761ad&#8221; open_use_icon_font_size=&#8221;on&#8221; open_icon_font_size=&#8221;26px&#8221; _builder_version=&#8221;4.16&#8243; title_text_color=&#8221;#1761ad&#8221; title_font=&#8221;Gotham medium|||on|||||&#8221; title_text_align=&#8221;center&#8221; title_font_size=&#8221;23px&#8221; body_font=&#8221;Gotham medium|100|||||||&#8221; body_text_color=&#8221;#1761ad&#8221; body_font_size=&#8221;15px&#8221; text_orientation=&#8221;center&#8221; width=&#8221;88%&#8221; module_alignment=&#8221;center&#8221; custom_margin=&#8221;2px||2px||true|false&#8221; custom_padding=&#8221;14px||14px||true|false&#8221; border_width_all=&#8221;0px&#8221; global_colors_info=&#8221;{}&#8221;]La subvention non remboursable offerte aux participants qui r\u00e9ussissent le programme ne doit servir qu&#8217;\u00e0 d\u00e9marrer votre entreprise. Vous ne pouvez pas vous en servir pour acheter des chaussures, de l&#8217;\u00e9quipement de sport, des jeux vid\u00e9o, etc. Si vous n&#8217;utilisez pas le montant vers\u00e9 pour d\u00e9marrer votre entreprise, vous devrez nous le rembourser.[\/et_pb_toggle][et_pb_toggle title=&#8221;Q: Devons-nous rembourser le montant de la subvention?&#8221; open_toggle_text_color=&#8221;#1761ad&#8221; open_toggle_background_color=&#8221;rgba(0,0,0,0)&#8221; closed_toggle_background_color=&#8221;rgba(0,0,0,0)&#8221; icon_color=&#8221;#1761ad&#8221; use_icon_font_size=&#8221;on&#8221; icon_font_size=&#8221;26px&#8221; open_icon_color=&#8221;#1761ad&#8221; open_use_icon_font_size=&#8221;on&#8221; open_icon_font_size=&#8221;26px&#8221; _builder_version=&#8221;4.16&#8243; title_text_color=&#8221;#1761ad&#8221; title_font=&#8221;Gotham medium|||on|||||&#8221; title_text_align=&#8221;center&#8221; title_font_size=&#8221;23px&#8221; body_font=&#8221;Gotham medium|100|||||||&#8221; body_text_color=&#8221;#1761ad&#8221; body_font_size=&#8221;15px&#8221; text_orientation=&#8221;center&#8221; width=&#8221;88%&#8221; module_alignment=&#8221;center&#8221; custom_margin=&#8221;2px||2px||true|false&#8221; custom_padding=&#8221;14px||14px||true|false&#8221; border_width_all=&#8221;0px&#8221; global_colors_info=&#8221;{}&#8221;]Non. Le montant offert aux participants qui r\u00e9ussissent le programme n&#8217;est pas remboursable. Vous n&#8217;avez donc pas \u00e0 nous le remettre. Cependant, si nous estimons que vous n&#8217;avez pas d\u00e9ploy\u00e9 des efforts suffisants pour d\u00e9marrer votre entreprise, ou si vous ne r\u00e9pondez pas \u00e0 toutes les exigences du programme, nous pouvons demander le remboursement de la subvention, en partie ou en totalit\u00e9.[\/et_pb_toggle][et_pb_toggle title=&#8221;Q : J&#8217;ai particip\u00e9 l&#8217;ann\u00e9e derni\u00e8re. Puis-je participer \u00e0 nouveau cette ann\u00e9e ?&#8221; open_toggle_text_color=&#8221;#1761ad&#8221; open_toggle_background_color=&#8221;rgba(0,0,0,0)&#8221; closed_toggle_background_color=&#8221;rgba(0,0,0,0)&#8221; icon_color=&#8221;#1761ad&#8221; use_icon_font_size=&#8221;on&#8221; icon_font_size=&#8221;26px&#8221; open_icon_color=&#8221;#1761ad&#8221; open_use_icon_font_size=&#8221;on&#8221; open_icon_font_size=&#8221;26px&#8221; _builder_version=&#8221;4.16&#8243; title_text_color=&#8221;#1761ad&#8221; title_font=&#8221;Gotham medium|||on|||||&#8221; title_text_align=&#8221;center&#8221; title_font_size=&#8221;23px&#8221; body_font=&#8221;Gotham medium|100|||||||&#8221; body_text_color=&#8221;#1761ad&#8221; body_font_size=&#8221;15px&#8221; text_orientation=&#8221;center&#8221; width=&#8221;88%&#8221; module_alignment=&#8221;center&#8221; custom_margin=&#8221;2px||2px||true|false&#8221; custom_padding=&#8221;14px||14px||true|false&#8221; border_width_all=&#8221;0px&#8221; global_colors_info=&#8221;{}&#8221;]Nous voulons donner une chance \u00e9gale \u00e0 tous les jeunes de l&#8217;\u00cele de faire l&#8217;exp\u00e9rience de notre programme. Si vous avez d\u00e9j\u00e0 particip\u00e9 \u00e0 un programme l&#8217;ann\u00e9e derni\u00e8re, vous pouvez y participer \u00e0 nouveau. Cependant, vous ne recevrez pas de subvention de d\u00e9marrage. Si vous avez besoin d&#8217;une aide financi\u00e8re, faites-le savoir \u00e0 votre coordonnateur\/facilitateur r\u00e9gional et vous serez plac\u00e9 sur une liste d&#8217;attente d&#8217;aide financi\u00e8re. Apr\u00e8s les entrevues, s&#8217;il reste des fonds de subvention disponibles, nous examinerons les plans d&#8217;entreprise des personnes qui demandent une aide financi\u00e8re et choisirons un candidat retenu.<\/p>\n<p>Nous tenons \u00e0 vous remercier de votre soutien et de votre int\u00e9r\u00eat continus pour le programme des Jeunes millionnaires ![\/et_pb_toggle][\/et_pb_column][\/et_pb_row][\/et_pb_section][et_pb_section fb_built=&#8221;1&#8243; disabled_on=&#8221;off|off|off&#8221; admin_label=&#8221;section&#8221; _builder_version=&#8221;4.16&#8243; height=&#8221;0px&#8221; custom_margin=&#8221;0px||0px||true|false&#8221; custom_padding=&#8221;0px||0px||false|false&#8221; global_colors_info=&#8221;{}&#8221;][et_pb_row admin_label=&#8221;row&#8221; _builder_version=&#8221;4.16&#8243; background_size=&#8221;initial&#8221; background_position=&#8221;top_left&#8221; background_repeat=&#8221;repeat&#8221; custom_padding=&#8221;||0px|||&#8221; global_colors_info=&#8221;{}&#8221;][et_pb_column type=&#8221;4_4&#8243; _builder_version=&#8221;4.16&#8243; custom_padding=&#8221;|||&#8221; global_colors_info=&#8221;{}&#8221; custom_padding__hover=&#8221;|||&#8221;][et_pb_code admin_label=&#8221;JS &#8211; jQuery code &#8211; move this into Divi Theme options Integration Tab or custom js file&#8221; _builder_version=&#8221;4.16&#8243; global_colors_info=&#8221;{}&#8221;]<script><!-- [et_pb_line_break_holder] -->jQuery(document).ready(function($) {<!-- [et_pb_line_break_holder] --><!-- [et_pb_line_break_holder] --> \/* Blurbs as Tabs *\/<!-- [et_pb_line_break_holder] --> <!-- [et_pb_line_break_holder] --> $('.tab-title').each(function () { <!-- [et_pb_line_break_holder] --> <!-- [et_pb_line_break_holder] --> var section_id = $(this).find(\"a\").attr(\"href\");<!-- [et_pb_line_break_holder] --> $(this).find(\"a\").removeAttr(\"href\");<!-- [et_pb_line_break_holder] --> <!-- [et_pb_line_break_holder] --> $(this).click(function() {<!-- [et_pb_line_break_holder] --> <!-- [et_pb_line_break_holder] --> $(this).siblings().removeClass(\"active-tab\");<!-- [et_pb_line_break_holder] --> $(this).addClass(\"active-tab\");<!-- [et_pb_line_break_holder] --> $('.tab-content').hide();<!-- [et_pb_line_break_holder] --> $(section_id).show();<!-- [et_pb_line_break_holder] --> });<!-- [et_pb_line_break_holder] --> <!-- [et_pb_line_break_holder] --> });<!-- [et_pb_line_break_holder] --><!-- [et_pb_line_break_holder] -->});<!-- [et_pb_line_break_holder] --><\/script>[\/et_pb_code][\/et_pb_column][\/et_pb_row][\/et_pb_section]<\/p>\n","protected":false},"excerpt":{"rendered":"<p>Vous pouvez vous inscrire en ligne. Retourner au haut de cette page et cliquez sur \u00ab Inscription \u00bb. Suivez les \u00e9tapes.L&#8217;inscription est gratuite. Tout ce que nous vous demandons, c&#8217;est du temps, de l&#8217;enthousiasme, de m\u00eame qu&#8217;une bonne dose d\u2019effort et de motivation.Cela d\u00e9pend du niveau de succ\u00e8s que vous souhaitez donner \u00e0 votre entreprise. [&hellip;]<\/p>\n","protected":false},"author":3,"featured_media":0,"parent":0,"menu_order":0,"comment_status":"closed","ping_status":"closed","template":"","meta":{"_et_pb_use_builder":"on","_et_pb_old_content":"","_et_gb_content_width":"","footnotes":""},"class_list":["post-372","page","type-page","status-publish","hentry"],"_links":{"self":[{"href":"https:\/\/youngmillionairesprogram.ca\/14-2\/wp-json\/wp\/v2\/pages\/372","targetHints":{"allow":["GET"]}}],"collection":[{"href":"https:\/\/youngmillionairesprogram.ca\/14-2\/wp-json\/wp\/v2\/pages"}],"about":[{"href":"https:\/\/youngmillionairesprogram.ca\/14-2\/wp-json\/wp\/v2\/types\/page"}],"author":[{"embeddable":true,"href":"https:\/\/youngmillionairesprogram.ca\/14-2\/wp-json\/wp\/v2\/users\/3"}],"replies":[{"embeddable":true,"href":"https:\/\/youngmillionairesprogram.ca\/14-2\/wp-json\/wp\/v2\/comments?post=372"}],"version-history":[{"count":9,"href":"https:\/\/youngmillionairesprogram.ca\/14-2\/wp-json\/wp\/v2\/pages\/372\/revisions"}],"predecessor-version":[{"id":3248,"href":"https:\/\/youngmillionairesprogram.ca\/14-2\/wp-json\/wp\/v2\/pages\/372\/revisions\/3248"}],"wp:attachment":[{"href":"https:\/\/youngmillionairesprogram.ca\/14-2\/wp-json\/wp\/v2\/media?parent=372"}],"curies":[{"name":"wp","href":"https:\/\/api.w.org\/{rel}","templated":true}]}}