{"id":417,"date":"2020-05-28T18:42:08","date_gmt":"2020-05-28T18:42:08","guid":{"rendered":"http:\/\/youngmillionairesprogram.ca\/?page_id=417"},"modified":"2025-04-09T19:08:23","modified_gmt":"2025-04-09T19:08:23","slug":"contact-us-fr","status":"publish","type":"page","link":"https:\/\/youngmillionairesprogram.ca\/14-2\/fr\/contact-us-fr\/","title":{"rendered":"Contact us-fr"},"content":{"rendered":"<p>[et_pb_section fb_built=&#8221;1&#8243; _builder_version=&#8221;4.16&#8243; background_image=&#8221;https:\/\/youngmillionairesprogram.ca\/wp-content\/uploads\/2020\/05\/bg.png&#8221; custom_padding=&#8221;0px||0px|||&#8221; global_colors_info=&#8221;{}&#8221;][et_pb_row _builder_version=&#8221;4.16&#8243; width=&#8221;100%&#8221; max_width=&#8221;100%&#8221; custom_padding=&#8221;0px||8px|||&#8221; global_colors_info=&#8221;{}&#8221;][et_pb_column type=&#8221;4_4&#8243; _builder_version=&#8221;4.16&#8243; global_colors_info=&#8221;{}&#8221;][et_pb_divider color=&#8221;#e75c25&#8243; divider_weight=&#8221;28px&#8221; _builder_version=&#8221;4.16&#8243; custom_margin=&#8221;0px||0px||true|false&#8221; custom_padding=&#8221;0px||0px||true|false&#8221; global_colors_info=&#8221;{}&#8221;][\/et_pb_divider][\/et_pb_column][\/et_pb_row][et_pb_row _builder_version=&#8221;4.16&#8243; background_color=&#8221;#ffffff&#8221; custom_margin=&#8221;-8px|auto||auto||&#8221; custom_padding=&#8221;37px||55px||false|false&#8221; box_shadow_style=&#8221;preset2&#8243; box_shadow_color=&#8221;rgba(0,0,0,0.53)&#8221; global_colors_info=&#8221;{}&#8221;][et_pb_column type=&#8221;4_4&#8243; _builder_version=&#8221;4.16&#8243; global_colors_info=&#8221;{}&#8221;][et_pb_text _builder_version=&#8221;4.21.0&#8243; hover_enabled=&#8221;0&#8243; global_colors_info=&#8221;{}&#8221; sticky_enabled=&#8221;0&#8243;]<\/p>\n<p><strong><span style=\"color: #ff6600;\">Francophone \u00ceP\u00c9<\/span><\/strong><br \/>Julie Gallant<br \/>RD\u00c9E \u00ceP\u00c9<br \/>5, promenade acadienne<br \/>Charlottetown, PE C1C 1M2<br \/>Tel: 902-370-7333<br \/>Cell: 902-388-8460<br \/>Fax: 902-370-7334<br \/>Courriel: <a href=\"mailto:stephane@rdeeipe.org\">jm@rdeeipe.org<\/a><\/p>\n<p>[\/et_pb_text][\/et_pb_column][\/et_pb_row][\/et_pb_section][et_pb_section fb_built=&#8221;1&#8243; disabled_on=&#8221;off|off|off&#8221; admin_label=&#8221;section&#8221; _builder_version=&#8221;4.16&#8243; height=&#8221;0px&#8221; custom_margin=&#8221;0px||0px||true|false&#8221; custom_padding=&#8221;0px||0px||false|false&#8221; global_colors_info=&#8221;{}&#8221;][et_pb_row admin_label=&#8221;row&#8221; _builder_version=&#8221;4.16&#8243; background_size=&#8221;initial&#8221; background_position=&#8221;top_left&#8221; background_repeat=&#8221;repeat&#8221; custom_padding=&#8221;||0px|||&#8221; global_colors_info=&#8221;{}&#8221;][et_pb_column type=&#8221;4_4&#8243; _builder_version=&#8221;4.16&#8243; custom_padding=&#8221;|||&#8221; global_colors_info=&#8221;{}&#8221; custom_padding__hover=&#8221;|||&#8221;][et_pb_code admin_label=&#8221;JS &#8211; jQuery code &#8211; move this into Divi Theme options Integration Tab or custom js file&#8221; _builder_version=&#8221;4.16&#8243; global_colors_info=&#8221;{}&#8221;]<script><!-- [et_pb_line_break_holder] -->jQuery(document).ready(function($) {<!-- [et_pb_line_break_holder] --><!-- [et_pb_line_break_holder] --> \/* Blurbs as Tabs *\/<!-- [et_pb_line_break_holder] --> <!-- [et_pb_line_break_holder] --> $('.tab-title').each(function () { <!-- [et_pb_line_break_holder] --> <!-- [et_pb_line_break_holder] --> var section_id = $(this).find(\"a\").attr(\"href\");<!-- [et_pb_line_break_holder] --> $(this).find(\"a\").removeAttr(\"href\");<!-- [et_pb_line_break_holder] --> <!-- [et_pb_line_break_holder] --> $(this).click(function() {<!-- [et_pb_line_break_holder] --> <!-- [et_pb_line_break_holder] --> $(this).siblings().removeClass(\"active-tab\");<!-- [et_pb_line_break_holder] --> $(this).addClass(\"active-tab\");<!-- [et_pb_line_break_holder] --> $('.tab-content').hide();<!-- [et_pb_line_break_holder] --> $(section_id).show();<!-- [et_pb_line_break_holder] --> });<!-- [et_pb_line_break_holder] --> <!-- [et_pb_line_break_holder] --> });<!-- [et_pb_line_break_holder] --><!-- [et_pb_line_break_holder] -->});<!-- [et_pb_line_break_holder] --><\/script>[\/et_pb_code][\/et_pb_column][\/et_pb_row][\/et_pb_section]<\/p>\n","protected":false},"excerpt":{"rendered":"<p>Francophone \u00ceP\u00c9Julie GallantRD\u00c9E \u00ceP\u00c95, promenade acadienneCharlottetown, PE C1C 1M2Tel: 902-370-7333Cell: 902-388-8460Fax: 902-370-7334Courriel: jm@rdeeipe.org<\/p>\n","protected":false},"author":3,"featured_media":0,"parent":0,"menu_order":0,"comment_status":"closed","ping_status":"closed","template":"","meta":{"_et_pb_use_builder":"on","_et_pb_old_content":"","_et_gb_content_width":"","footnotes":""},"class_list":["post-417","page","type-page","status-publish","hentry"],"_links":{"self":[{"href":"https:\/\/youngmillionairesprogram.ca\/14-2\/wp-json\/wp\/v2\/pages\/417","targetHints":{"allow":["GET"]}}],"collection":[{"href":"https:\/\/youngmillionairesprogram.ca\/14-2\/wp-json\/wp\/v2\/pages"}],"about":[{"href":"https:\/\/youngmillionairesprogram.ca\/14-2\/wp-json\/wp\/v2\/types\/page"}],"author":[{"embeddable":true,"href":"https:\/\/youngmillionairesprogram.ca\/14-2\/wp-json\/wp\/v2\/users\/3"}],"replies":[{"embeddable":true,"href":"https:\/\/youngmillionairesprogram.ca\/14-2\/wp-json\/wp\/v2\/comments?post=417"}],"version-history":[{"count":6,"href":"https:\/\/youngmillionairesprogram.ca\/14-2\/wp-json\/wp\/v2\/pages\/417\/revisions"}],"predecessor-version":[{"id":2147,"href":"https:\/\/youngmillionairesprogram.ca\/14-2\/wp-json\/wp\/v2\/pages\/417\/revisions\/2147"}],"wp:attachment":[{"href":"https:\/\/youngmillionairesprogram.ca\/14-2\/wp-json\/wp\/v2\/media?parent=417"}],"curies":[{"name":"wp","href":"https:\/\/api.w.org\/{rel}","templated":true}]}}