{"id":780,"date":"2020-07-15T18:08:09","date_gmt":"2020-07-15T18:08:09","guid":{"rendered":"https:\/\/youngmillionairesprogram.ca\/?page_id=780"},"modified":"2024-08-02T11:44:54","modified_gmt":"2024-08-02T11:44:54","slug":"francophone-pei-businesses","status":"publish","type":"page","link":"https:\/\/youngmillionairesprogram.ca\/14-2\/francophone-pei-businesses\/","title":{"rendered":"Francophone Businesses"},"content":{"rendered":"<p>[et_pb_section fb_built=&#8221;1&#8243; _builder_version=&#8221;4.16&#8243; global_colors_info=&#8221;{}&#8221;][et_pb_row _builder_version=&#8221;4.16&#8243; background_size=&#8221;initial&#8221; background_position=&#8221;top_left&#8221; background_repeat=&#8221;repeat&#8221; global_colors_info=&#8221;{}&#8221;][et_pb_column type=&#8221;4_4&#8243; _builder_version=&#8221;4.16&#8243; custom_padding=&#8221;|||&#8221; global_colors_info=&#8221;{}&#8221; custom_padding__hover=&#8221;|||&#8221;][et_pb_text admin_label=&#8221;Francophone Intro&#8221; _builder_version=&#8221;4.21.0&#8243; text_font=&#8221;Gotham medium|600|||||||&#8221; text_text_color=&#8221;#000000&#8243; text_font_size=&#8221;20px&#8221; background_size=&#8221;initial&#8221; background_position=&#8221;top_left&#8221; background_repeat=&#8221;repeat&#8221; global_colors_info=&#8221;{}&#8221;]<\/p>\n<p>Each youth that joins our community is offered the option to submit their business and contact information to the Provincial Coordinator so that they may all have equal opportunity to have their products and services advertised online regardless of age or access.<\/p>\n<p>Email ymp@centralpei.ca for our 2024 YMP Consignment Catalogue full of youth businesses who are actively seeking consignment opportunities!<\/p>\n<p>Here are our businesses from the FRANCOPHONE regions.<\/p>\n<p><strong>Chaque jeune qui se joint \u00e0 notre communaut\u00e9 a la possibilit\u00e9 de soumettre son entreprise et ses coordonn\u00e9es au coordonnateur provincial afin qu&#8217;ils aient tous la m\u00eame chance de voir leurs produits et services annonc\u00e9s en ligne, quel que soit leur \u00e2ge ou leur acc\u00e8s.<\/strong><\/p>\n<p id=\"tw-target-text\" class=\"tw-data-text tw-text-large tw-ta\" dir=\"ltr\" data-placeholder=\"Translation\" aria-label=\"Translated text\" data-ved=\"2ahUKEwjxoqem4MmFAxXUE1kFHSeTCWQQ3ewLegQIBhAU\"><span class=\"Y2IQFc\" lang=\"fr\">Envoyez un courriel \u00e0 ymp@centralpei.ca pour consulter notre catalogue de consignation YMP 2024 rempli d&#8217;entreprises jeunesse qui recherchent activement des opportunit\u00e9s de consignation\u00a0!<\/span><\/p>\n<p><strong>Voici nos entreprises soumises de nos r\u00e9gions FRANCOPHONES.<\/strong>\u00a0<\/p>\n<p>[\/et_pb_text][\/et_pb_column][\/et_pb_row][et_pb_row _builder_version=&#8221;4.16&#8243; background_size=&#8221;initial&#8221; background_position=&#8221;top_left&#8221; background_repeat=&#8221;repeat&#8221; global_colors_info=&#8221;{}&#8221;][et_pb_column type=&#8221;4_4&#8243; _builder_version=&#8221;4.16&#8243; custom_padding=&#8221;|||&#8221; global_colors_info=&#8221;{}&#8221; custom_padding__hover=&#8221;|||&#8221;][et_pb_text admin_label=&#8221;Francophone Intro&#8221; _builder_version=&#8221;4.21.0&#8243; text_font=&#8221;Gotham medium|600|||||||&#8221; text_text_color=&#8221;#000000&#8243; text_font_size=&#8221;20px&#8221; background_size=&#8221;initial&#8221; background_position=&#8221;top_left&#8221; background_repeat=&#8221;repeat&#8221; global_colors_info=&#8221;{}&#8221;]<\/p>\n<p><span style=\"color: #e75c25;\">Les Entreprises\/ The Businesses<\/span><strong><\/strong><\/p>\n<p><strong>Ava&#8217;s Candy Clouds\u00a0 \u00a0 \u00a0 \u00a0 \u00a0 The Fun Shop\u00a0 \u00a0 \u00a0 \u00a0 \u00a0 Julie&#8217;s Keychains\u00a0 \u00a0 \u00a0 \u00a0 \u00a0 Oceane &amp; Co\u00a0 \u00a0 \u00a0 \u00a0 \u00a0 The Diamond Fun<\/strong><\/p>\n<p>Jalie&#8217;s Sweets and Treats\u00a0 \u00a0 \u00a0 \u00a0 Janie&#8217;s Seaside Findings\u00a0 \u00a0 \u00a0 Sofie&#8217;s Beaded Bracelets\u00a0 \u00a0 \u00a0 \u00a0 \u00a0 Fruity Scents<strong><\/strong><\/p>\n<p>Funky Loomers\u00a0 \u00a0 \u00a0 \u00a0 \u00a0 Fancy Tabbys\u00a0 \u00a0 \u00a0 \u00a0 \u00a0 Seaside Treasures\u00a0 \u00a0 \u00a0 \u00a0 \u00a0 Beauty of Art\u00a0 \u00a0 \u00a0 \u00a0 \u00a0<\/p>\n<p>Summer Needs\/Besoins d&#8217;Ete\u00a0 \u00a0 \u00a0 \u00a0 \u00a0 Island Time Keepers\u00a0 \u00a0 \u00a0 \u00a0 \u00a0 Brooklyn &amp; Victoria Bracelets\u00a0<\/p>\n<p>Les Bijoux de Emy et Coco\u00a0 \u00a0 \u00a0 \u00a0 \u00a0 Erik&#8217;s Firestarters\u00a0 \u00a0 \u00a0 \u00a0 \u00a0 Canada&#8217;s Cakes &amp; Cookies\u00a0 \u00a0 \u00a0 \u00a0 \u00a0 Freezie Breezie<\/p>\n<p>MNL\u00a0 \u00a0 \u00a0 \u00a0 \u00a0 String of Pearls\u00a0 \u00a0 \u00a0 \u00a0 \u00a0 \u00a0Smell Happiness\u00a0 \u00a0 \u00a0 \u00a0 \u00a0 Sunset\u00a0 \u00a0 \u00a0 \u00a0 \u00a0 Rainbow Stars\u00a0 \u00a0 \u00a0 \u00a0 \u00a0 Tanghulued Sweets<\/p>\n<p><span style=\"color: #e75c25;\">FELICITATIONS!\/CONGRATULATIONS!<\/span><\/p>\n<p><strong><\/strong><\/p>\n<pre id=\"tw-target-text\" class=\"tw-data-text tw-text-large tw-ta\" dir=\"ltr\" data-placeholder=\"Translation\"> <\/pre>\n<p>[\/et_pb_text][et_pb_slider admin_label=&#8221;Francophone business slider&#8221; _builder_version=&#8221;4.21.0&#8243; _module_preset=&#8221;default&#8221; global_colors_info=&#8221;{}&#8221;][et_pb_slide heading=&#8221;Ava&#8217;s Candy Clouds&#8221; image=&#8221;https:\/\/youngmillionairesprogram.ca\/wp-content\/uploads\/2024\/04\/434258089_327506856985544_7289145163910859529_n.jpg&#8221; _builder_version=&#8221;4.21.0&#8243; _module_preset=&#8221;default&#8221; global_colors_info=&#8221;{}&#8221; sticky_transition=&#8221;on&#8221;]<\/p>\n<p>This sweet business is all about snacks!<\/p>\n<p>Featuring gourmet cotton candy in a variety of flavors and perfectly seasoned popcorn, Ava&#8217;s Candy Clouds has both pre-packaged snacks as well as fresh or made to order products that will fit right in at your next event!<\/p>\n<p>&nbsp;<\/p>\n<p id=\"tw-target-text\" class=\"tw-data-text tw-text-large tw-ta\" dir=\"ltr\" data-placeholder=\"Translation\" aria-label=\"Translated text\" data-ved=\"2ahUKEwjxoqem4MmFAxXUE1kFHSeTCWQQ3ewLegQIBhAU\"><span class=\"Y2IQFc\" lang=\"fr\">Cette douce entreprise est enti\u00e8rement consacr\u00e9e aux collations ! <\/span><\/p>\n<p class=\"tw-data-text tw-text-large tw-ta\" dir=\"ltr\" data-placeholder=\"Translation\" aria-label=\"Translated text\" data-ved=\"2ahUKEwjxoqem4MmFAxXUE1kFHSeTCWQQ3ewLegQIBhAU\"><span class=\"Y2IQFc\" lang=\"fr\">Proposant de la barbe \u00e0 papa gastronomique dans une vari\u00e9t\u00e9 de saveurs et du pop-corn parfaitement assaisonn\u00e9, Ava&#8217;s Candy Clouds propose \u00e0 la fois des collations pr\u00e9emball\u00e9es ainsi que des produits frais ou pr\u00e9par\u00e9s sur commande qui conviendront parfaitement \u00e0 votre prochain \u00e9v\u00e9nement !<\/span><\/p>\n<p>[\/et_pb_slide][\/et_pb_slider][\/et_pb_column][\/et_pb_row][\/et_pb_section]<\/p>\n","protected":false},"excerpt":{"rendered":"<p>Each youth that joins our community is offered the option to submit their business and contact information to the Provincial Coordinator so that they may all have equal opportunity to have their products and services advertised online regardless of age or access. Email ymp@centralpei.ca for our 2024 YMP Consignment Catalogue full of youth businesses who [&hellip;]<\/p>\n","protected":false},"author":3,"featured_media":0,"parent":0,"menu_order":0,"comment_status":"closed","ping_status":"closed","template":"","meta":{"_et_pb_use_builder":"on","_et_pb_old_content":"<h3>\u00a0<\/h3><p>[smartslider3 slider=\"6\"]<\/p>","_et_gb_content_width":"","footnotes":""},"class_list":["post-780","page","type-page","status-publish","hentry"],"_links":{"self":[{"href":"https:\/\/youngmillionairesprogram.ca\/14-2\/wp-json\/wp\/v2\/pages\/780","targetHints":{"allow":["GET"]}}],"collection":[{"href":"https:\/\/youngmillionairesprogram.ca\/14-2\/wp-json\/wp\/v2\/pages"}],"about":[{"href":"https:\/\/youngmillionairesprogram.ca\/14-2\/wp-json\/wp\/v2\/types\/page"}],"author":[{"embeddable":true,"href":"https:\/\/youngmillionairesprogram.ca\/14-2\/wp-json\/wp\/v2\/users\/3"}],"replies":[{"embeddable":true,"href":"https:\/\/youngmillionairesprogram.ca\/14-2\/wp-json\/wp\/v2\/comments?post=780"}],"version-history":[{"count":12,"href":"https:\/\/youngmillionairesprogram.ca\/14-2\/wp-json\/wp\/v2\/pages\/780\/revisions"}],"predecessor-version":[{"id":2619,"href":"https:\/\/youngmillionairesprogram.ca\/14-2\/wp-json\/wp\/v2\/pages\/780\/revisions\/2619"}],"wp:attachment":[{"href":"https:\/\/youngmillionairesprogram.ca\/14-2\/wp-json\/wp\/v2\/media?parent=780"}],"curies":[{"name":"wp","href":"https:\/\/api.w.org\/{rel}","templated":true}]}}